{"id":4244,"date":"2016-02-02T18:32:26","date_gmt":"2016-02-02T18:32:26","guid":{"rendered":"http:\/\/mullerhotel.com\/home\/?page_id=4244"},"modified":"2016-02-05T14:10:15","modified_gmt":"2016-02-05T17:10:15","slug":"ruinas-jesuiticas","status":"publish","type":"page","link":"https:\/\/mullerhotel.com\/home\/que-hacer\/ruinas-jesuiticas\/","title":{"rendered":"Ruinas Jesuiticas"},"content":{"rendered":"<p style=\"text-align: justify;\">La misi\u00f3n jesu\u00edtica guaran\u00ed de Jes\u00fas de Tavarang\u00fc\u00e9 es una de las reducciones que a\u00fan se conservan, de entre numerosos pueblos fundados por misioneros jesuitas en el marco de su tarea colonizadora en Am\u00e9rica del Sur en el siglo XVII. Est\u00e1 ubicada en el departamento de Itap\u00faa, Paraguay.<\/p>\n<p style=\"text-align: justify;\">Fue fundada en 1685 a orillas del r\u00edo Monday por el jesuita Ger\u00f3nimo Delf\u00edn, aunque el asentamiento tuvo que mudarse varias veces por la hostilidad de los brasile\u00f1os que los atacaban y llevaban como esclavos, hasta llegar a lo que hoy queda a 38 km de la ciudad de Encarnaci\u00f3n. Lleg\u00f3 a tener cerca de 3000 habitantes para 1750.<\/p>\n<p style=\"text-align: justify;\">En esta misi\u00f3n se comenz\u00f3 a construir una de las iglesias m\u00e1s grandes de la \u00e9poca, que tuvo que dejarse sin concluir por la expulsi\u00f3n de los jesuitas en 1768 por parte de Carlos III de Espa\u00f1a.<\/p>\n<p style=\"text-align: justify;\">Las ruinas de estas misiones religiosas reflejan una forma de vida y de educaci\u00f3n marcadas por un estilo singular. Se redescubri\u00f3 casi dos siglos despu\u00e9s, declar\u00e1ndosePatrimonio de la Humanidad por parte de la UNESCO en 1993.<\/p>\n<h4 style=\"text-align: justify;\"><span style=\"text-decoration: underline;\"><span id=\"Caracter.C3.ADsticas_arquitect.C3.B3nicas\" class=\"mw-headline\">Caracter\u00edsticas arquitect\u00f3nicas<\/span><\/span><\/h4>\n<p style=\"text-align: justify;\">Este templo ser\u00eda una r\u00e9plica de la Iglesia de Loyola, ubicada en Italia. El dise\u00f1o arquitect\u00f3nico de esta reducci\u00f3n estuvo a cargo del arquitecto Antonio Forcada, de origen espa\u00f1ol, que impuso su estilo propio con arcos trilobulados caracter\u00edsticos de la cultura musulmana que en aquella \u00e9poca predominaba en Espa\u00f1a.<\/p>\n<h4 style=\"text-align: center;\"><span style=\"text-decoration: underline;\">Galeria de Im\u00e1genes<\/span><\/h4>\n<div class=\"gdlr-shortcode-wrapper\"><div class=\"gdlr-gallery-item gdlr-item\" ><div class=\"gallery-column four columns\"><div class=\"gallery-item\"><a href=\"https:\/\/mullerhotel.com\/home\/que-hacer\/ruinas-jesuiticas\/ruina-jesuitica-galleria1\/\" data-rel=\"fancybox\" ><img loading=\"lazy\" decoding=\"async\" src=\"https:\/\/mullerhotel.com\/home\/wp-content\/uploads\/2016\/02\/ruina-jesuitica-galleria1-150x150.jpg\" alt=\"\" width=\"150\" height=\"150\" \/><\/a><\/div><\/div><div class=\"gallery-column four columns\"><div class=\"gallery-item\"><a href=\"https:\/\/mullerhotel.com\/home\/que-hacer\/ruinas-jesuiticas\/ruina-jesuitica-galleria2\/\" data-rel=\"fancybox\" ><img loading=\"lazy\" decoding=\"async\" src=\"https:\/\/mullerhotel.com\/home\/wp-content\/uploads\/2016\/02\/ruina-jesuitica-galleria2-150x150.jpg\" alt=\"\" width=\"150\" height=\"150\" \/><\/a><\/div><\/div><div class=\"gallery-column four columns\"><div class=\"gallery-item\"><a href=\"https:\/\/mullerhotel.com\/home\/que-hacer\/ruinas-jesuiticas\/ruina-jesuitica-galleria3-2\/\" data-rel=\"fancybox\" ><img loading=\"lazy\" decoding=\"async\" src=\"https:\/\/mullerhotel.com\/home\/wp-content\/uploads\/2016\/02\/ruina-jesuitica-galleria3-1-150x150.jpg\" alt=\"\" width=\"150\" height=\"150\" \/><\/a><\/div><\/div><div class=\"clear\"><\/div><div class=\"gallery-column four columns\"><div class=\"gallery-item\"><a href=\"https:\/\/mullerhotel.com\/home\/que-hacer\/ruinas-jesuiticas\/ruina-jesuitica-galleria5\/\" data-rel=\"fancybox\" ><img loading=\"lazy\" decoding=\"async\" src=\"https:\/\/mullerhotel.com\/home\/wp-content\/uploads\/2016\/02\/ruina-jesuitica-galleria5.jpg\" alt=\"\" width=\"1\" height=\"1\" \/><\/a><\/div><\/div><div class=\"gallery-column four columns\"><div class=\"gallery-item\"><a href=\"https:\/\/mullerhotel.com\/home\/que-hacer\/ruinas-jesuiticas\/ruina-jesuitica-galleria4\/\" data-rel=\"fancybox\" ><img loading=\"lazy\" decoding=\"async\" src=\"https:\/\/mullerhotel.com\/home\/wp-content\/uploads\/2016\/02\/ruina-jesuitica-galleria4.jpg\" alt=\"\" width=\"1\" height=\"1\" \/><\/a><\/div><\/div><div class=\"clear\"><\/div><\/div><\/div>\n<p style=\"text-align: center;\"><a href=\"https:\/\/www.google.com.py\/maps\/@-27.0575895,-55.7502086,14z\" onclick=\"return popitup(this.href, 500, 500);\" class=\"simple_popup_link \">Ver Ruinas Jesuitas\u00a0Google Maps<\/a><\/p>\n","protected":false},"excerpt":{"rendered":"<p>La misi\u00f3n jesu\u00edtica guaran\u00ed de Jes\u00fas de Tavarang\u00fc\u00e9 es una de las reducciones que a\u00fan se conservan, de entre numerosos pueblos fundados por misioneros jesuitas en el marco de su tarea colonizadora en Am\u00e9rica del Sur en el siglo XVII. Est\u00e1 ubicada en el departamento de Itap\u00faa, Paraguay. Fue fundada en 1685 a orillas del&#8230; <\/p>\n<div class=\"clear\"><\/div>\n<p><a href=\"https:\/\/mullerhotel.com\/home\/que-hacer\/ruinas-jesuiticas\/\" class=\"excerpt-read-more\">Continue Reading<i class=\"fa fa-long-arrow-right icon-long-arrow-right\"><\/i><\/a><\/p>\n","protected":false},"author":1,"featured_media":4249,"parent":4242,"menu_order":0,"comment_status":"closed","ping_status":"closed","template":"","meta":{"footnotes":""},"class_list":["post-4244","page","type-page","status-publish","has-post-thumbnail","hentry"],"_links":{"self":[{"href":"https:\/\/mullerhotel.com\/home\/wp-json\/wp\/v2\/pages\/4244","targetHints":{"allow":["GET"]}}],"collection":[{"href":"https:\/\/mullerhotel.com\/home\/wp-json\/wp\/v2\/pages"}],"about":[{"href":"https:\/\/mullerhotel.com\/home\/wp-json\/wp\/v2\/types\/page"}],"author":[{"embeddable":true,"href":"https:\/\/mullerhotel.com\/home\/wp-json\/wp\/v2\/users\/1"}],"replies":[{"embeddable":true,"href":"https:\/\/mullerhotel.com\/home\/wp-json\/wp\/v2\/comments?post=4244"}],"version-history":[{"count":14,"href":"https:\/\/mullerhotel.com\/home\/wp-json\/wp\/v2\/pages\/4244\/revisions"}],"predecessor-version":[{"id":4392,"href":"https:\/\/mullerhotel.com\/home\/wp-json\/wp\/v2\/pages\/4244\/revisions\/4392"}],"up":[{"embeddable":true,"href":"https:\/\/mullerhotel.com\/home\/wp-json\/wp\/v2\/pages\/4242"}],"wp:featuredmedia":[{"embeddable":true,"href":"https:\/\/mullerhotel.com\/home\/wp-json\/wp\/v2\/media\/4249"}],"wp:attachment":[{"href":"https:\/\/mullerhotel.com\/home\/wp-json\/wp\/v2\/media?parent=4244"}],"curies":[{"name":"wp","href":"https:\/\/api.w.org\/{rel}","templated":true}]}}