{"id":4264,"date":"2016-02-02T19:22:45","date_gmt":"2016-02-02T19:22:45","guid":{"rendered":"http:\/\/mullerhotel.com\/home\/?page_id=4264"},"modified":"2016-02-05T14:28:17","modified_gmt":"2016-02-05T17:28:17","slug":"mate-roga","status":"publish","type":"page","link":"https:\/\/mullerhotel.com\/home\/que-hacer\/mate-roga\/","title":{"rendered":"Mate Roga"},"content":{"rendered":"<p style=\"text-align: justify;\">Es una construcci\u00f3n tem\u00e1tica denominada Centro Informativo Mate R\u00f3ga en el cual se realiza un breve tour sobre el cultivo de la yerba mate hasta el consumo de la misma. El circuito es relativamente corto, dura aproximadamente 30 minutos. La visita es guiada y es en espa\u00f1ol. En el mismo hay exposiciones de productos y venta de merchandising.<\/p>\n<p style=\"text-align: justify;\">Los horarios son de lunes a jueves de 08:00 a 12:00 horas y de 13:30 a 17:30 horas, viernes de 08:00 a 12:00 horas y de 13:30 a 20:00 horas, s\u00e1bados de 08:00 a 12:00 horas y de 14:00 a 20:00 horas, y domingos de 08:00 a 11:30 horas.<\/p>\n<h4 style=\"text-align: center;\"><span style=\"text-decoration: underline;\">Galer\u00eda de Im\u00e1genes<\/span><\/h4>\n<div class=\"gdlr-shortcode-wrapper\"><div class=\"gdlr-gallery-item gdlr-item\" ><div class=\"gallery-column four columns\"><div class=\"gallery-item\"><a href=\"https:\/\/mullerhotel.com\/home\/wp-content\/uploads\/2016\/02\/mate-roga-galeria5.jpg\" data-fancybox-group=\"gdlr-gal-1\" data-rel=\"fancybox\" ><img loading=\"lazy\" decoding=\"async\" src=\"https:\/\/mullerhotel.com\/home\/wp-content\/uploads\/2016\/02\/mate-roga-galeria5-150x150.jpg\" alt=\"\" width=\"150\" height=\"150\" \/><\/a><\/div><\/div><div class=\"gallery-column four columns\"><div class=\"gallery-item\"><a href=\"https:\/\/mullerhotel.com\/home\/wp-content\/uploads\/2016\/02\/mate-roga-galeria1.jpg\" data-fancybox-group=\"gdlr-gal-1\" data-rel=\"fancybox\" ><img loading=\"lazy\" decoding=\"async\" src=\"https:\/\/mullerhotel.com\/home\/wp-content\/uploads\/2016\/02\/mate-roga-galeria1-150x150.jpg\" alt=\"\" width=\"150\" height=\"150\" \/><\/a><\/div><\/div><div class=\"gallery-column four columns\"><div class=\"gallery-item\"><a href=\"https:\/\/mullerhotel.com\/home\/wp-content\/uploads\/2016\/02\/mate-roga-galeria2.jpg\" data-fancybox-group=\"gdlr-gal-1\" data-rel=\"fancybox\" ><img loading=\"lazy\" decoding=\"async\" src=\"https:\/\/mullerhotel.com\/home\/wp-content\/uploads\/2016\/02\/mate-roga-galeria2-150x150.jpg\" alt=\"\" width=\"150\" height=\"150\" \/><\/a><\/div><\/div><div class=\"clear\"><\/div><div class=\"gallery-column four columns\"><div class=\"gallery-item\"><a href=\"https:\/\/mullerhotel.com\/home\/wp-content\/uploads\/2016\/02\/mate-roga-galeria3.jpg\" data-fancybox-group=\"gdlr-gal-1\" data-rel=\"fancybox\" ><img loading=\"lazy\" decoding=\"async\" src=\"https:\/\/mullerhotel.com\/home\/wp-content\/uploads\/2016\/02\/mate-roga-galeria3-150x150.jpg\" alt=\"\" width=\"150\" height=\"150\" \/><\/a><\/div><\/div><div class=\"gallery-column four columns\"><div class=\"gallery-item\"><a href=\"https:\/\/mullerhotel.com\/home\/wp-content\/uploads\/2016\/02\/mate-roga-galeria4.jpg\" data-fancybox-group=\"gdlr-gal-1\" data-rel=\"fancybox\" ><img loading=\"lazy\" decoding=\"async\" src=\"https:\/\/mullerhotel.com\/home\/wp-content\/uploads\/2016\/02\/mate-roga-galeria4-150x150.jpg\" alt=\"\" width=\"150\" height=\"150\" \/><\/a><\/div><\/div><div class=\"clear\"><\/div><\/div><\/div>\n<p style=\"text-align: center;\"><a href=\"https:\/\/www.google.com.py\/maps\/@-27.0426432,-55.5781603,18z\" onclick=\"return popitup(this.href, 500, 500);\" class=\"simple_popup_link \">Ver Mate Roga\u00a0Google Maps<\/a><\/p>\n","protected":false},"excerpt":{"rendered":"<p>Es una construcci\u00f3n tem\u00e1tica denominada Centro Informativo Mate R\u00f3ga en el cual se realiza un breve tour sobre el cultivo de la yerba mate hasta el consumo de la misma. El circuito es relativamente corto, dura aproximadamente 30 minutos. La visita es guiada y es en espa\u00f1ol. En el mismo hay exposiciones de productos y&#8230; <\/p>\n<div class=\"clear\"><\/div>\n<p><a href=\"https:\/\/mullerhotel.com\/home\/que-hacer\/mate-roga\/\" class=\"excerpt-read-more\">Continue Reading<i class=\"fa fa-long-arrow-right icon-long-arrow-right\"><\/i><\/a><\/p>\n","protected":false},"author":1,"featured_media":0,"parent":4242,"menu_order":0,"comment_status":"closed","ping_status":"closed","template":"","meta":{"footnotes":""},"class_list":["post-4264","page","type-page","status-publish","hentry"],"_links":{"self":[{"href":"https:\/\/mullerhotel.com\/home\/wp-json\/wp\/v2\/pages\/4264","targetHints":{"allow":["GET"]}}],"collection":[{"href":"https:\/\/mullerhotel.com\/home\/wp-json\/wp\/v2\/pages"}],"about":[{"href":"https:\/\/mullerhotel.com\/home\/wp-json\/wp\/v2\/types\/page"}],"author":[{"embeddable":true,"href":"https:\/\/mullerhotel.com\/home\/wp-json\/wp\/v2\/users\/1"}],"replies":[{"embeddable":true,"href":"https:\/\/mullerhotel.com\/home\/wp-json\/wp\/v2\/comments?post=4264"}],"version-history":[{"count":7,"href":"https:\/\/mullerhotel.com\/home\/wp-json\/wp\/v2\/pages\/4264\/revisions"}],"predecessor-version":[{"id":4400,"href":"https:\/\/mullerhotel.com\/home\/wp-json\/wp\/v2\/pages\/4264\/revisions\/4400"}],"up":[{"embeddable":true,"href":"https:\/\/mullerhotel.com\/home\/wp-json\/wp\/v2\/pages\/4242"}],"wp:attachment":[{"href":"https:\/\/mullerhotel.com\/home\/wp-json\/wp\/v2\/media?parent=4264"}],"curies":[{"name":"wp","href":"https:\/\/api.w.org\/{rel}","templated":true}]}}