{"id":4314,"date":"2016-02-03T13:14:18","date_gmt":"2016-02-03T13:14:18","guid":{"rendered":"http:\/\/mullerhotel.com\/home\/?page_id=4314"},"modified":"2016-02-05T14:45:05","modified_gmt":"2016-02-05T17:45:05","slug":"parque-el-manantial","status":"publish","type":"page","link":"https:\/\/mullerhotel.com\/home\/que-hacer\/parque-el-manantial\/","title":{"rendered":"Parque El Manantial"},"content":{"rendered":"<p style=\"text-align: justify;\">Se encuentra en la localidad de Hohenau, departamento de Itap\u00faa. Tiene una extensi\u00f3n de 220 hect\u00e1reas. El lugar es ideal para disfrutar de la naturaleza.<\/p>\n<p style=\"text-align: justify;\">Tiene un restautant, piscina, lugares de camping, cabalgatas, paseos por el monte, recorridos en jeep o veh\u00edculo todo terreno.<\/p>\n<p style=\"text-align: justify;\">El sendero de 7 km de longitud, atraviesa manchones de selva en distintos grados de preservaci\u00f3n y porciones de campo con producci\u00f3n agr\u00edcola y ganadera.<\/p>\n<p style=\"text-align: justify;\">El recorrido incluye un cruce de un arroyo en una tirolesa que se realiza a trav\u00e9s de una bicicleta que pende de una linga de acero.<\/p>\n<h4 style=\"text-align: center;\"><span style=\"text-decoration: underline;\">Galer\u00eda de Im\u00e1genes<\/span><\/h4>\n<div class=\"gdlr-shortcode-wrapper\"><div class=\"gdlr-gallery-item gdlr-item\" ><div class=\"gallery-column four columns\"><div class=\"gallery-item\"><a href=\"https:\/\/mullerhotel.com\/home\/wp-content\/uploads\/2016\/02\/AREA-CAMPING-PARQUE-MANANTIAL-1600x1200-800x336.jpg\" data-fancybox-group=\"gdlr-gal-1\" data-rel=\"fancybox\" ><img loading=\"lazy\" decoding=\"async\" src=\"https:\/\/mullerhotel.com\/home\/wp-content\/uploads\/2016\/02\/AREA-CAMPING-PARQUE-MANANTIAL-1600x1200-800x336-150x150.jpg\" alt=\"\" width=\"150\" height=\"150\" \/><\/a><\/div><\/div><div class=\"gallery-column four columns\"><div class=\"gallery-item\"><a href=\"https:\/\/mullerhotel.com\/home\/wp-content\/uploads\/2016\/02\/PASEO-EN-PARQUE-MANANTIAL-1600x1200-800x600.jpg\" data-fancybox-group=\"gdlr-gal-1\" data-rel=\"fancybox\" ><img loading=\"lazy\" decoding=\"async\" src=\"https:\/\/mullerhotel.com\/home\/wp-content\/uploads\/2016\/02\/PASEO-EN-PARQUE-MANANTIAL-1600x1200-800x600-150x150.jpg\" alt=\"\" width=\"150\" height=\"150\" \/><\/a><\/div><\/div><div class=\"gallery-column four columns\"><div class=\"gallery-item\"><\/div><\/div><div class=\"clear\"><\/div><div class=\"gallery-column four columns\"><div class=\"gallery-item\"><a href=\"https:\/\/mullerhotel.com\/home\/wp-content\/uploads\/2016\/02\/PASEO-CRUCE-ARROYO-PIRAPO-PARQUE-MANANTIAL-800x536.jpg\" data-fancybox-group=\"gdlr-gal-1\" data-rel=\"fancybox\" ><img loading=\"lazy\" decoding=\"async\" src=\"https:\/\/mullerhotel.com\/home\/wp-content\/uploads\/2016\/02\/PASEO-CRUCE-ARROYO-PIRAPO-PARQUE-MANANTIAL-800x536-150x150.jpg\" alt=\"\" width=\"150\" height=\"150\" \/><\/a><\/div><\/div><div class=\"gallery-column four columns\"><div class=\"gallery-item\"><a href=\"https:\/\/mullerhotel.com\/home\/wp-content\/uploads\/2016\/02\/TIROCLETA-SOBRE-ARROYO-PIRAPO-EN-PARQUE-MANANTIAL-800x536.jpg\" data-fancybox-group=\"gdlr-gal-1\" data-rel=\"fancybox\" ><img loading=\"lazy\" decoding=\"async\" src=\"https:\/\/mullerhotel.com\/home\/wp-content\/uploads\/2016\/02\/TIROCLETA-SOBRE-ARROYO-PIRAPO-EN-PARQUE-MANANTIAL-800x536-150x150.jpg\" alt=\"\" width=\"150\" height=\"150\" \/><\/a><\/div><\/div><div class=\"clear\"><\/div><\/div><\/div>\n<h5 style=\"text-align: center;\"><a href=\"https:\/\/www.google.com.py\/maps\/@-27.0854605,-55.6626279,18z\" onclick=\"return popitup(this.href, 500, 500);\" class=\"simple_popup_link \">Ver Parque El Manantial\u00a0Google Maps<\/a><\/h5>\n<p>&nbsp;<\/p>\n","protected":false},"excerpt":{"rendered":"<p>Se encuentra en la localidad de Hohenau, departamento de Itap\u00faa. Tiene una extensi\u00f3n de 220 hect\u00e1reas. El lugar es ideal para disfrutar de la naturaleza. Tiene un restautant, piscina, lugares de camping, cabalgatas, paseos por el monte, recorridos en jeep o veh\u00edculo todo terreno. El sendero de 7 km de longitud, atraviesa manchones de selva&#8230; <\/p>\n<div class=\"clear\"><\/div>\n<p><a href=\"https:\/\/mullerhotel.com\/home\/que-hacer\/parque-el-manantial\/\" class=\"excerpt-read-more\">Continue Reading<i class=\"fa fa-long-arrow-right icon-long-arrow-right\"><\/i><\/a><\/p>\n","protected":false},"author":1,"featured_media":0,"parent":4242,"menu_order":0,"comment_status":"closed","ping_status":"closed","template":"","meta":{"footnotes":""},"class_list":["post-4314","page","type-page","status-publish","hentry"],"_links":{"self":[{"href":"https:\/\/mullerhotel.com\/home\/wp-json\/wp\/v2\/pages\/4314","targetHints":{"allow":["GET"]}}],"collection":[{"href":"https:\/\/mullerhotel.com\/home\/wp-json\/wp\/v2\/pages"}],"about":[{"href":"https:\/\/mullerhotel.com\/home\/wp-json\/wp\/v2\/types\/page"}],"author":[{"embeddable":true,"href":"https:\/\/mullerhotel.com\/home\/wp-json\/wp\/v2\/users\/1"}],"replies":[{"embeddable":true,"href":"https:\/\/mullerhotel.com\/home\/wp-json\/wp\/v2\/comments?post=4314"}],"version-history":[{"count":8,"href":"https:\/\/mullerhotel.com\/home\/wp-json\/wp\/v2\/pages\/4314\/revisions"}],"predecessor-version":[{"id":4410,"href":"https:\/\/mullerhotel.com\/home\/wp-json\/wp\/v2\/pages\/4314\/revisions\/4410"}],"up":[{"embeddable":true,"href":"https:\/\/mullerhotel.com\/home\/wp-json\/wp\/v2\/pages\/4242"}],"wp:attachment":[{"href":"https:\/\/mullerhotel.com\/home\/wp-json\/wp\/v2\/media?parent=4314"}],"curies":[{"name":"wp","href":"https:\/\/api.w.org\/{rel}","templated":true}]}}