{"id":4325,"date":"2016-02-03T13:26:00","date_gmt":"2016-02-03T13:26:00","guid":{"rendered":"http:\/\/mullerhotel.com\/home\/?page_id=4325"},"modified":"2016-02-05T14:40:32","modified_gmt":"2016-02-05T17:40:32","slug":"parque-ecologico-alfredo-sitzmann","status":"publish","type":"page","link":"https:\/\/mullerhotel.com\/home\/que-hacer\/parque-ecologico-alfredo-sitzmann\/","title":{"rendered":"Parque Ecol\u00f3gico Alfredo Sitzmann"},"content":{"rendered":"<p style=\"text-align: justify;\">El Parque Ecol\u00f3gico Municipal de Hohenau Ingeniero Alfredo Sitzmann es uno de nuestros atractivos tur\u00edsticos m\u00e1s significativos, qued\u00e1ndose nuestros visitantes encantados con los trabajos realizados en el lugar. Ubicado entre los barrios Parque y Colinas del Sur, se extiende en la zona urbana en una superficie de 23 hect\u00e1reas, en donde nos podemos encontrar con un hermoso predio verde, colmado de \u00e1rboles tanto ex\u00f3ticos como nativos de la regi\u00f3n, una laguna, la cual alberga peces de diferentes especies, una representaci\u00f3n hist\u00f3rica y material de lo que fueron las antiguas Casas Coloniales Germanas en la \u00e9poca de fundaci\u00f3n, un Barbacu\u00e1 tradicional para demostrar la forma de trabajo de nuestros antepasados y una Casa popular paraguaya, s\u00edmbolo de todos los paraguayos. Esta Reserva natural cuenta con una secci\u00f3n conocida como \u00abParque de las Naciones\u00bb, en donde desde el a\u00f1o 2011 es anfitriona de distintas colectividades del Departamento de Itap\u00faa, en la gran Fiesta de las Colectividades, a realizar cada a\u00f1o.<\/p>\n<h4 style=\"text-align: center;\"><span style=\"text-decoration: underline;\">Galer\u00eda de Im\u00e1genes<\/span><\/h4>\n<p>&nbsp;<\/p>\n<div class=\"gdlr-shortcode-wrapper\"><div class=\"gdlr-gallery-item gdlr-item\" ><div class=\"gallery-column four columns\"><div class=\"gallery-item\"><a href=\"https:\/\/mullerhotel.com\/home\/wp-content\/uploads\/2016\/02\/PARQUE-ECOLOGICO-ING-ALFREDO-SITZFMANN3-ENCARNACION.COM_.PY-1600x1200-800x600.jpg\" data-fancybox-group=\"gdlr-gal-1\" data-rel=\"fancybox\" ><img loading=\"lazy\" decoding=\"async\" src=\"https:\/\/mullerhotel.com\/home\/wp-content\/uploads\/2016\/02\/PARQUE-ECOLOGICO-ING-ALFREDO-SITZFMANN3-ENCARNACION.COM_.PY-1600x1200-800x600-150x150.jpg\" alt=\"\" width=\"150\" height=\"150\" \/><\/a><\/div><\/div><div class=\"gallery-column four columns\"><div class=\"gallery-item\"><a href=\"https:\/\/mullerhotel.com\/home\/wp-content\/uploads\/2016\/02\/b-3.jpg\" data-fancybox-group=\"gdlr-gal-1\" data-rel=\"fancybox\" ><img loading=\"lazy\" decoding=\"async\" src=\"https:\/\/mullerhotel.com\/home\/wp-content\/uploads\/2016\/02\/b-3-150x150.jpg\" alt=\"\" width=\"150\" height=\"150\" \/><\/a><\/div><\/div><div class=\"gallery-column four columns\"><div class=\"gallery-item\"><a href=\"https:\/\/mullerhotel.com\/home\/wp-content\/uploads\/2016\/02\/25071611.jpg\" data-fancybox-group=\"gdlr-gal-1\" data-rel=\"fancybox\" ><img loading=\"lazy\" decoding=\"async\" src=\"https:\/\/mullerhotel.com\/home\/wp-content\/uploads\/2016\/02\/25071611-150x150.jpg\" alt=\"\" width=\"150\" height=\"150\" \/><\/a><\/div><\/div><div class=\"clear\"><\/div><div class=\"gallery-column four columns\"><div class=\"gallery-item\"><a href=\"https:\/\/mullerhotel.com\/home\/wp-content\/uploads\/2016\/02\/images.jpg\" data-fancybox-group=\"gdlr-gal-1\" data-rel=\"fancybox\" ><img loading=\"lazy\" decoding=\"async\" src=\"https:\/\/mullerhotel.com\/home\/wp-content\/uploads\/2016\/02\/images-150x150.jpg\" alt=\"\" width=\"150\" height=\"150\" \/><\/a><\/div><\/div><div class=\"gallery-column four columns\"><div class=\"gallery-item\"><a href=\"https:\/\/mullerhotel.com\/home\/wp-content\/uploads\/2016\/02\/b-4.jpg\" data-fancybox-group=\"gdlr-gal-1\" data-rel=\"fancybox\" ><img loading=\"lazy\" decoding=\"async\" src=\"https:\/\/mullerhotel.com\/home\/wp-content\/uploads\/2016\/02\/b-4-150x150.jpg\" alt=\"\" width=\"150\" height=\"150\" \/><\/a><\/div><\/div><div class=\"clear\"><\/div><\/div><\/div>\n<p style=\"text-align: center;\"><a href=\"https:\/\/www.google.com.py\/maps\/@-27.0683653,-55.6495426,16z\" onclick=\"return popitup(this.href, 500, 500);\" class=\"simple_popup_link \">Ver Parque Ecol\u00f3gico Alfredo Sitzmann\u00a0\u00a0Google Maps<\/a><\/p>\n","protected":false},"excerpt":{"rendered":"<p>El Parque Ecol\u00f3gico Municipal de Hohenau Ingeniero Alfredo Sitzmann es uno de nuestros atractivos tur\u00edsticos m\u00e1s significativos, qued\u00e1ndose nuestros visitantes encantados con los trabajos realizados en el lugar. Ubicado entre los barrios Parque y Colinas del Sur, se extiende en la zona urbana en una superficie de 23 hect\u00e1reas, en donde nos podemos encontrar con&#8230; <\/p>\n<div class=\"clear\"><\/div>\n<p><a href=\"https:\/\/mullerhotel.com\/home\/que-hacer\/parque-ecologico-alfredo-sitzmann\/\" class=\"excerpt-read-more\">Continue Reading<i class=\"fa fa-long-arrow-right icon-long-arrow-right\"><\/i><\/a><\/p>\n","protected":false},"author":1,"featured_media":0,"parent":4242,"menu_order":0,"comment_status":"closed","ping_status":"closed","template":"","meta":{"footnotes":""},"class_list":["post-4325","page","type-page","status-publish","hentry"],"_links":{"self":[{"href":"https:\/\/mullerhotel.com\/home\/wp-json\/wp\/v2\/pages\/4325","targetHints":{"allow":["GET"]}}],"collection":[{"href":"https:\/\/mullerhotel.com\/home\/wp-json\/wp\/v2\/pages"}],"about":[{"href":"https:\/\/mullerhotel.com\/home\/wp-json\/wp\/v2\/types\/page"}],"author":[{"embeddable":true,"href":"https:\/\/mullerhotel.com\/home\/wp-json\/wp\/v2\/users\/1"}],"replies":[{"embeddable":true,"href":"https:\/\/mullerhotel.com\/home\/wp-json\/wp\/v2\/comments?post=4325"}],"version-history":[{"count":9,"href":"https:\/\/mullerhotel.com\/home\/wp-json\/wp\/v2\/pages\/4325\/revisions"}],"predecessor-version":[{"id":4405,"href":"https:\/\/mullerhotel.com\/home\/wp-json\/wp\/v2\/pages\/4325\/revisions\/4405"}],"up":[{"embeddable":true,"href":"https:\/\/mullerhotel.com\/home\/wp-json\/wp\/v2\/pages\/4242"}],"wp:attachment":[{"href":"https:\/\/mullerhotel.com\/home\/wp-json\/wp\/v2\/media?parent=4325"}],"curies":[{"name":"wp","href":"https:\/\/api.w.org\/{rel}","templated":true}]}}