{"id":4341,"date":"2016-02-04T19:50:52","date_gmt":"2016-02-04T19:50:52","guid":{"rendered":"http:\/\/mullerhotel.com\/home\/?page_id=4341"},"modified":"2016-02-05T14:39:38","modified_gmt":"2016-02-05T17:39:38","slug":"playa-san-jose","status":"publish","type":"page","link":"https:\/\/mullerhotel.com\/home\/que-hacer\/playas\/playa-san-jose\/","title":{"rendered":"Playa San Jos\u00e9"},"content":{"rendered":"<p style=\"text-align: justify;\">San Jos\u00e9 es la playa principal de Encarnaci\u00f3n. Ubicada sobre la costanera Rep\u00fablica del Paraguay, se caracteriza por\u00a0la presencia de numerosos paradores y bares donde comer y beber, sus juegos para ni\u00f1os y una gran variedad de actividades recreativas para los visitantes de todas las edades: paseos en karting, clases gratuitas de baile, f\u00fatbol y voley de playa, etc. Los deportes n\u00e1uticos como el velerismo y los paseos en kayak est\u00e1n siempre presentes. Adem\u00e1s, es el emplazamiento de dos de los edificios hist\u00f3ricos m\u00e1s importantes de la ciudad: el antiguo molino San Jos\u00e9 y sus silos, construidos en 1960. Recientemente, frente a su zona central se inaugur\u00f3 el llamado Paseo Gastron\u00f3mico, un circuito de excelentes restaurantes y confiter\u00edas de origen tanto nacional como internacional. Es habitual la realizaci\u00f3n de eventos culturales en la zona, y la playa permanece en movimiento hasta altas horas de la noche.<\/p>\n<h4 style=\"text-align: center;\"><span style=\"text-decoration: underline;\">Galer\u00eda de Im\u00e1genes<\/span><\/h4>\n<div class=\"gdlr-shortcode-wrapper\"><div class=\"gdlr-gallery-item gdlr-item\" ><div class=\"gallery-column four columns\"><div class=\"gallery-item\"><a href=\"https:\/\/mullerhotel.com\/home\/wp-content\/uploads\/2016\/02\/playa_san_jose2.jpg\" data-fancybox-group=\"gdlr-gal-1\" data-rel=\"fancybox\" ><img loading=\"lazy\" decoding=\"async\" src=\"https:\/\/mullerhotel.com\/home\/wp-content\/uploads\/2016\/02\/playa_san_jose2-150x150.jpg\" alt=\"\" width=\"150\" height=\"150\" \/><\/a><\/div><\/div><div class=\"gallery-column four columns\"><div class=\"gallery-item\"><a href=\"https:\/\/mullerhotel.com\/home\/wp-content\/uploads\/2016\/02\/playa_san_jose5.jpg\" data-fancybox-group=\"gdlr-gal-1\" data-rel=\"fancybox\" ><img loading=\"lazy\" decoding=\"async\" src=\"https:\/\/mullerhotel.com\/home\/wp-content\/uploads\/2016\/02\/playa_san_jose5-150x150.jpg\" alt=\"\" width=\"150\" height=\"150\" \/><\/a><\/div><\/div><div class=\"gallery-column four columns\"><div class=\"gallery-item\"><a href=\"https:\/\/mullerhotel.com\/home\/wp-content\/uploads\/2016\/02\/playa_san_jose1.jpg\" data-fancybox-group=\"gdlr-gal-1\" data-rel=\"fancybox\" ><img loading=\"lazy\" decoding=\"async\" src=\"https:\/\/mullerhotel.com\/home\/wp-content\/uploads\/2016\/02\/playa_san_jose1-150x150.jpg\" alt=\"\" width=\"150\" height=\"150\" \/><\/a><\/div><\/div><div class=\"clear\"><\/div><div class=\"gallery-column four columns\"><div class=\"gallery-item\"><a href=\"https:\/\/mullerhotel.com\/home\/wp-content\/uploads\/2016\/02\/playa_san_jose2-1.jpg\" data-fancybox-group=\"gdlr-gal-1\" data-rel=\"fancybox\" ><img loading=\"lazy\" decoding=\"async\" src=\"https:\/\/mullerhotel.com\/home\/wp-content\/uploads\/2016\/02\/playa_san_jose2-1-150x150.jpg\" alt=\"\" width=\"150\" height=\"150\" \/><\/a><\/div><\/div><div class=\"gallery-column four columns\"><div class=\"gallery-item\"><a href=\"https:\/\/mullerhotel.com\/home\/wp-content\/uploads\/2016\/02\/playa_san_jose4.jpg\" data-fancybox-group=\"gdlr-gal-1\" data-rel=\"fancybox\" ><img loading=\"lazy\" decoding=\"async\" src=\"https:\/\/mullerhotel.com\/home\/wp-content\/uploads\/2016\/02\/playa_san_jose4-150x150.jpg\" alt=\"\" width=\"150\" height=\"150\" \/><\/a><\/div><\/div><div class=\"gallery-column four columns\"><div class=\"gallery-item\"><a href=\"https:\/\/mullerhotel.com\/home\/wp-content\/uploads\/2016\/02\/playa_san_jose9.jpg\" data-fancybox-group=\"gdlr-gal-1\" data-rel=\"fancybox\" ><img loading=\"lazy\" decoding=\"async\" src=\"https:\/\/mullerhotel.com\/home\/wp-content\/uploads\/2016\/02\/playa_san_jose9-150x150.jpg\" alt=\"\" width=\"150\" height=\"150\" \/><\/a><\/div><\/div><div class=\"clear\"><\/div><div class=\"gallery-column four columns\"><div class=\"gallery-item\"><a href=\"https:\/\/mullerhotel.com\/home\/wp-content\/uploads\/2016\/02\/playa_san_jose6.jpg\" data-fancybox-group=\"gdlr-gal-1\" data-rel=\"fancybox\" ><img loading=\"lazy\" decoding=\"async\" src=\"https:\/\/mullerhotel.com\/home\/wp-content\/uploads\/2016\/02\/playa_san_jose6-150x150.jpg\" alt=\"\" width=\"150\" height=\"150\" \/><\/a><\/div><\/div><div class=\"gallery-column four columns\"><div class=\"gallery-item\"><a href=\"https:\/\/mullerhotel.com\/home\/wp-content\/uploads\/2016\/02\/playa_san_jose7.jpg\" data-fancybox-group=\"gdlr-gal-1\" data-rel=\"fancybox\" ><img loading=\"lazy\" decoding=\"async\" src=\"https:\/\/mullerhotel.com\/home\/wp-content\/uploads\/2016\/02\/playa_san_jose7-150x150.jpg\" alt=\"\" width=\"150\" height=\"150\" \/><\/a><\/div><\/div><div class=\"gallery-column four columns\"><div class=\"gallery-item\"><a href=\"https:\/\/mullerhotel.com\/home\/wp-content\/uploads\/2016\/02\/playa_san_jose8.jpg\" data-fancybox-group=\"gdlr-gal-1\" data-rel=\"fancybox\" ><img loading=\"lazy\" decoding=\"async\" src=\"https:\/\/mullerhotel.com\/home\/wp-content\/uploads\/2016\/02\/playa_san_jose8-150x150.jpg\" alt=\"\" width=\"150\" height=\"150\" \/><\/a><\/div><\/div><div class=\"clear\"><\/div><\/div><\/div>\n<h4 style=\"text-align: center;\"><\/h4>\n<h5 style=\"text-align: center;\"><a href=\"https:\/\/www.google.com.py\/maps\/@-27.3364496,-55.8728734,17z\" onclick=\"return popitup(this.href, 500, 500);\" class=\"simple_popup_link \">Ver Playa San Jose Google Maps<\/a><\/h5>\n<p style=\"text-align: left;\">\n","protected":false},"excerpt":{"rendered":"<p>San Jos\u00e9 es la playa principal de Encarnaci\u00f3n. Ubicada sobre la costanera Rep\u00fablica del Paraguay, se caracteriza por\u00a0la presencia de numerosos paradores y bares donde comer y beber, sus juegos para ni\u00f1os y una gran variedad de actividades recreativas para los visitantes de todas las edades: paseos en karting, clases gratuitas de baile, f\u00fatbol y&#8230; <\/p>\n<div class=\"clear\"><\/div>\n<p><a href=\"https:\/\/mullerhotel.com\/home\/que-hacer\/playas\/playa-san-jose\/\" class=\"excerpt-read-more\">Continue Reading<i class=\"fa fa-long-arrow-right icon-long-arrow-right\"><\/i><\/a><\/p>\n","protected":false},"author":1,"featured_media":0,"parent":4339,"menu_order":0,"comment_status":"closed","ping_status":"closed","template":"","meta":{"footnotes":""},"class_list":["post-4341","page","type-page","status-publish","hentry"],"_links":{"self":[{"href":"https:\/\/mullerhotel.com\/home\/wp-json\/wp\/v2\/pages\/4341","targetHints":{"allow":["GET"]}}],"collection":[{"href":"https:\/\/mullerhotel.com\/home\/wp-json\/wp\/v2\/pages"}],"about":[{"href":"https:\/\/mullerhotel.com\/home\/wp-json\/wp\/v2\/types\/page"}],"author":[{"embeddable":true,"href":"https:\/\/mullerhotel.com\/home\/wp-json\/wp\/v2\/users\/1"}],"replies":[{"embeddable":true,"href":"https:\/\/mullerhotel.com\/home\/wp-json\/wp\/v2\/comments?post=4341"}],"version-history":[{"count":36,"href":"https:\/\/mullerhotel.com\/home\/wp-json\/wp\/v2\/pages\/4341\/revisions"}],"predecessor-version":[{"id":4403,"href":"https:\/\/mullerhotel.com\/home\/wp-json\/wp\/v2\/pages\/4341\/revisions\/4403"}],"up":[{"embeddable":true,"href":"https:\/\/mullerhotel.com\/home\/wp-json\/wp\/v2\/pages\/4339"}],"wp:attachment":[{"href":"https:\/\/mullerhotel.com\/home\/wp-json\/wp\/v2\/media?parent=4341"}],"curies":[{"name":"wp","href":"https:\/\/api.w.org\/{rel}","templated":true}]}}